{"id":3506,"date":"2024-09-30T08:17:02","date_gmt":"2024-09-30T06:17:02","guid":{"rendered":"https:\/\/raw-partner.de\/karriere\/?page_id=3506"},"modified":"2025-12-12T13:01:51","modified_gmt":"2025-12-12T11:01:51","slug":"aus-und-weiterbildung","status":"publish","type":"page","link":"https:\/\/raw-partner.de\/karriere\/ihr-weg-bei-uns\/aus-und-weiterbildung\/","title":{"rendered":"Aus- und Weiterbildung"},"content":{"rendered":"\n<style type=\"text\/css\" data-created_by=\"avia_inline_auto\" id=\"style-css-av-45py76-ed2177f15e89fdb93c0adf601c339c84\">\n.avia-section.av-45py76-ed2177f15e89fdb93c0adf601c339c84{\nbackground-repeat:no-repeat;\nbackground-image:url(https:\/\/raw-partner.de\/karriere\/wp-content\/uploads\/Hintergrund-Pfeile-1030x588.jpg);\nbackground-position:50% 50%;\nbackground-attachment:scroll;\n}\n<\/style>\n<div id='av_section_1'  class='avia-section av-45py76-ed2177f15e89fdb93c0adf601c339c84 main_color avia-section-default avia-no-border-styling  avia-builder-el-0  el_before_av_section  avia-builder-el-first  avia-full-stretch avia-bg-style-scroll av-minimum-height av-minimum-height-custom av-height-custom  container_wrap fullsize'  data-section-bg-repeat='stretch' data-av_minimum_height_px='230'><div class='container av-section-cont-open' style='height:230px'><main  role=\"main\" itemprop=\"mainContentOfPage\"  class='template-page content  av-content-full alpha units'><div class='post-entry post-entry-type-page post-entry-3506'><div class='entry-content-wrapper clearfix'>\n\n<style type=\"text\/css\" data-created_by=\"avia_inline_auto\" id=\"style-css-av-34sn9e-8c5300364f8c34ab75b27c05d4d898db\">\n#top .flex_column.av-34sn9e-8c5300364f8c34ab75b27c05d4d898db{\nmargin-top:0px;\nmargin-bottom:0px;\n}\n.flex_column.av-34sn9e-8c5300364f8c34ab75b27c05d4d898db{\nborder-radius:0px 0px 0px 0px;\npadding:0px 0px 0px 25px;\n}\n.responsive #top #wrap_all .flex_column.av-34sn9e-8c5300364f8c34ab75b27c05d4d898db{\nmargin-top:0px;\nmargin-bottom:0px;\n}\n<\/style>\n<div  class='flex_column av-34sn9e-8c5300364f8c34ab75b27c05d4d898db av_one_full  avia-builder-el-1  avia-builder-el-no-sibling  first flex_column_div av-animated-generic left-to-right  '     ><style type=\"text\/css\" data-created_by=\"avia_inline_auto\" id=\"style-css-av-m7vpd7ip-4a1018ffa5f9ed571aae0e965c559933\">\n#top .av-special-heading.av-m7vpd7ip-4a1018ffa5f9ed571aae0e965c559933{\nmargin:0 0 0 0;\npadding-bottom:0;\ncolor:#004897;\nfont-size:50px;\n}\nbody .av-special-heading.av-m7vpd7ip-4a1018ffa5f9ed571aae0e965c559933 .av-special-heading-tag .heading-char{\nfont-size:25px;\n}\n#top #wrap_all .av-special-heading.av-m7vpd7ip-4a1018ffa5f9ed571aae0e965c559933 .av-special-heading-tag{\nfont-size:50px;\n}\n.av-special-heading.av-m7vpd7ip-4a1018ffa5f9ed571aae0e965c559933 .special-heading-inner-border{\nborder-color:#004897;\n}\n.av-special-heading.av-m7vpd7ip-4a1018ffa5f9ed571aae0e965c559933 .av-subheading{\nfont-size:18px;\n}\n\n@media only screen and (min-width: 480px) and (max-width: 767px){ \n#top #wrap_all .av-special-heading.av-m7vpd7ip-4a1018ffa5f9ed571aae0e965c559933 .av-special-heading-tag{\nfont-size:0.8em;\n}\n}\n\n@media only screen and (max-width: 479px){ \n#top #wrap_all .av-special-heading.av-m7vpd7ip-4a1018ffa5f9ed571aae0e965c559933 .av-special-heading-tag{\nfont-size:0.8em;\n}\n}\n<\/style>\n<div  class='av-special-heading av-m7vpd7ip-4a1018ffa5f9ed571aae0e965c559933 av-special-heading-h1 custom-color-heading blockquote modern-quote modern-centered  avia-builder-el-2  avia-builder-el-no-sibling  av-inherit-size'><h1 class='av-special-heading-tag'  itemprop=\"headline\"  >Aus- und Weiterbildung<\/h1><div class=\"special-heading-border\"><div class=\"special-heading-inner-border\"><\/div><\/div><\/div><\/div>\n\n<\/div><\/div><\/main><!-- close content main element --><\/div><\/div><div id='av_section_2'  class='avia-section av-qet8u-83147d0d40d9d249d4aacaaedd222aa0 main_color avia-section-huge avia-no-border-styling  avia-builder-el-3  el_after_av_section  avia-builder-el-last  avia-bg-style-scroll container_wrap fullsize'  ><div class='container av-section-cont-open' ><div class='template-page content  av-content-full alpha units'><div class='post-entry post-entry-type-page post-entry-3506'><div class='entry-content-wrapper clearfix'>\n\n<style type=\"text\/css\" data-created_by=\"avia_inline_auto\" id=\"style-css-av-9wkhy-12-fd22e5fa7161140f1f1f429eaf1f66ed\">\n#top .flex_column.av-9wkhy-12-fd22e5fa7161140f1f1f429eaf1f66ed{\nmargin-top:0px;\nmargin-bottom:0px;\n}\n.flex_column.av-9wkhy-12-fd22e5fa7161140f1f1f429eaf1f66ed{\nborder-radius:3px 3px 3px 3px;\npadding:0px 0px 0px 0px;\n}\n.responsive #top #wrap_all .flex_column.av-9wkhy-12-fd22e5fa7161140f1f1f429eaf1f66ed{\nmargin-top:0px;\nmargin-bottom:0px;\n}\n<\/style>\n<div  class='flex_column av-9wkhy-12-fd22e5fa7161140f1f1f429eaf1f66ed av_three_fifth  avia-builder-el-4  el_before_av_two_fifth  avia-builder-el-first  first flex_column_div av-animated-generic left-to-right av-zero-column-padding  '     ><style type=\"text\/css\" data-created_by=\"avia_inline_auto\" id=\"style-css-av-d6wp3m-bff4f7f07d4acddd50a7b9a937b0833d\">\n.avia-image-container.av-d6wp3m-bff4f7f07d4acddd50a7b9a937b0833d img.avia_image{\nbox-shadow:none;\n}\n.avia-image-container.av-d6wp3m-bff4f7f07d4acddd50a7b9a937b0833d .av-image-caption-overlay-center{\ncolor:#ffffff;\n}\n<\/style>\n<div  class='avia-image-container av-d6wp3m-bff4f7f07d4acddd50a7b9a937b0833d av-styling- avia-align-center  avia-builder-el-5  avia-builder-el-no-sibling '   itemprop=\"image\" itemscope=\"itemscope\" itemtype=\"https:\/\/schema.org\/ImageObject\" ><div class=\"avia-image-container-inner\"><div class=\"avia-image-overlay-wrap\"><img decoding=\"async\" fetchpriority=\"high\" class='wp-image-4064 avia-img-lazy-loading-not-4064 avia_image ' src=\"https:\/\/raw-partner.de\/karriere\/wp-content\/uploads\/250113_RAW_Muenchen-152-1030x687.jpg\" alt='Besprechung zu Karrierewegen bei RAW-Partner' title='Besprechung RAW-Partner'  height=\"687\" width=\"1030\"  itemprop=\"thumbnailUrl\" srcset=\"https:\/\/raw-partner.de\/karriere\/wp-content\/uploads\/250113_RAW_Muenchen-152-1030x687.jpg 1030w, https:\/\/raw-partner.de\/karriere\/wp-content\/uploads\/250113_RAW_Muenchen-152-300x200.jpg 300w, https:\/\/raw-partner.de\/karriere\/wp-content\/uploads\/250113_RAW_Muenchen-152-768x512.jpg 768w, https:\/\/raw-partner.de\/karriere\/wp-content\/uploads\/250113_RAW_Muenchen-152-1536x1024.jpg 1536w, https:\/\/raw-partner.de\/karriere\/wp-content\/uploads\/250113_RAW_Muenchen-152-705x470.jpg 705w, https:\/\/raw-partner.de\/karriere\/wp-content\/uploads\/250113_RAW_Muenchen-152.jpg 1920w\" sizes=\"(max-width: 1030px) 100vw, 1030px\" \/><\/div><\/div><\/div><\/div>\n<style type=\"text\/css\" data-created_by=\"avia_inline_auto\" id=\"style-css-av-9wkhy-10-5e1a033e0924c49031e87a618d5a5447\">\n#top .flex_column.av-9wkhy-10-5e1a033e0924c49031e87a618d5a5447{\nmargin-top:0px;\nmargin-bottom:0px;\n}\n.flex_column.av-9wkhy-10-5e1a033e0924c49031e87a618d5a5447{\nborder-radius:3px 3px 3px 3px;\npadding:0px 0px 0px 0px;\n}\n.responsive #top #wrap_all .flex_column.av-9wkhy-10-5e1a033e0924c49031e87a618d5a5447{\nmargin-top:0px;\nmargin-bottom:0px;\n}\n<\/style>\n<div  class='flex_column av-9wkhy-10-5e1a033e0924c49031e87a618d5a5447 av_two_fifth  avia-builder-el-6  el_after_av_three_fifth  el_before_av_hr  flex_column_div av-animated-generic left-to-right av-zero-column-padding  '     ><p>\n<style type=\"text\/css\" data-created_by=\"avia_inline_auto\" id=\"style-css-av-m0tsa-5d3066cd0bafc539f90da7eadb4db393\">\n#top .av-special-heading.av-m0tsa-5d3066cd0bafc539f90da7eadb4db393{\nmargin:15px 0 0 0;\npadding-bottom:10px;\nfont-size:30px;\n}\nbody .av-special-heading.av-m0tsa-5d3066cd0bafc539f90da7eadb4db393 .av-special-heading-tag .heading-char{\nfont-size:25px;\n}\n#top #wrap_all .av-special-heading.av-m0tsa-5d3066cd0bafc539f90da7eadb4db393 .av-special-heading-tag{\nfont-size:30px;\n}\n.av-special-heading.av-m0tsa-5d3066cd0bafc539f90da7eadb4db393 .av-subheading{\nfont-size:15px;\n}\n\n@media only screen and (min-width: 480px) and (max-width: 767px){ \n#top #wrap_all .av-special-heading.av-m0tsa-5d3066cd0bafc539f90da7eadb4db393 .av-special-heading-tag{\nfont-size:0.8em;\n}\n}\n\n@media only screen and (max-width: 479px){ \n#top #wrap_all .av-special-heading.av-m0tsa-5d3066cd0bafc539f90da7eadb4db393 .av-special-heading-tag{\nfont-size:0.8em;\n}\n}\n<\/style>\n<div  class='av-special-heading av-m0tsa-5d3066cd0bafc539f90da7eadb4db393 av-special-heading-h3 blockquote modern-quote  avia-builder-el-7  el_before_av_textblock  avia-builder-el-first  av-inherit-size'><h3 class='av-special-heading-tag'  itemprop=\"headline\"  >Ausbildung<\/h3><div class='av-subheading av-subheading_below'><p>VIELE SPANNENDE PERSPEKTIVEN!<\/p>\n<\/div><div class=\"special-heading-border\"><div class=\"special-heading-inner-border\"><\/div><\/div><\/div><br \/>\n<section  class='av_textblock_section av-jgds8wgh-9-29a258480ae2eca92156cdf652244d6c '   itemscope=\"itemscope\" itemtype=\"https:\/\/schema.org\/CreativeWork\" ><div class='avia_textblock'  itemprop=\"text\" ><p>Wer seine Ausbildung bei R\u00b7A\u00b7W\u2013Partner beginnt, darf sich auf eine intensive und erfolgsversprechende Ausbildung freuen. Die Ausbildung zum Steuerfachangestellten (m\/w\/d) bildet die Grundlage vieler Wahlm\u00f6glichkeiten im Hinblick auf den weiteren Berufsweg.<\/p>\n<p>Denn bei R\u00b7A\u00b7W\u2013Partner lernen Sie von Beginn an alle T\u00e4tigkeitsbereiche kennen und werden fr\u00fch an aktives und verantwortungsvolles Mitwirken herangef\u00fchrt. Schon nach kurzer Zeit betreuen Sie bei uns eigene Mandanten \u2013 nat\u00fcrlich genauso verantwortungsvoll angeleitet \u2013und bekommen tiefe Einblicke in die t\u00e4gliche Berufspraxis.<\/p>\n<p>Wahrscheinlich erkl\u00e4rt vor allem diese Vorgehensweise die \u00fcberdurchschnittlichen Noten unserer \u201eAzubis (m\/w\/d)\u201c. Vielleicht auch die eindrucksvollen Karrieren, die ebenso ehemalige Praktikanten (m\/w\/d) bei uns bereits unter Beweis gestellt haben.<\/p>\n<\/div><\/section><\/p><\/div>\n<style type=\"text\/css\" data-created_by=\"avia_inline_auto\" id=\"style-css-av-mj2r8hmc-1a72e13fced00d9a06c575e43c72406b\">\n#top .hr.hr-invisible.av-mj2r8hmc-1a72e13fced00d9a06c575e43c72406b{\nheight:100px;\n}\n<\/style>\n<div  class='hr av-mj2r8hmc-1a72e13fced00d9a06c575e43c72406b hr-invisible  avia-builder-el-9  el_after_av_two_fifth  el_before_av_two_fifth '><span class='hr-inner '><span class=\"hr-inner-style\"><\/span><\/span><\/div>\n<div class='av-column-wrapper-individual av-mobile-columns-flex av-columns-individual'>\n<style type=\"text\/css\" data-created_by=\"avia_inline_auto\" id=\"style-css-av-6395xu-3f4440bf90333479c3600a81708fa8af\">\n#top .flex_column.av-6395xu-3f4440bf90333479c3600a81708fa8af{\nmargin-top:0px;\nmargin-bottom:0px;\n}\n.flex_column.av-6395xu-3f4440bf90333479c3600a81708fa8af{\norder:1;\nborder-radius:3px 3px 3px 3px;\npadding:0px 0px 0px 0px;\n}\n.responsive #top #wrap_all .flex_column.av-6395xu-3f4440bf90333479c3600a81708fa8af{\nmargin-top:0px;\nmargin-bottom:0px;\n}\n<\/style>\n<div  class='flex_column av-6395xu-3f4440bf90333479c3600a81708fa8af av_two_fifth  avia-builder-el-10  el_after_av_hr  el_before_av_three_fifth  first flex_column_div av-animated-generic left-to-right av-zero-column-padding  '     ><p>\n<style type=\"text\/css\" data-created_by=\"avia_inline_auto\" id=\"style-css-av-4s1pdu-a667ffbd24b292cee7673be4266f04f2\">\n#top .av-special-heading.av-4s1pdu-a667ffbd24b292cee7673be4266f04f2{\nmargin:15px 0 0 0;\npadding-bottom:10px;\nfont-size:30px;\n}\nbody .av-special-heading.av-4s1pdu-a667ffbd24b292cee7673be4266f04f2 .av-special-heading-tag .heading-char{\nfont-size:25px;\n}\n#top #wrap_all .av-special-heading.av-4s1pdu-a667ffbd24b292cee7673be4266f04f2 .av-special-heading-tag{\nfont-size:30px;\n}\n.av-special-heading.av-4s1pdu-a667ffbd24b292cee7673be4266f04f2 .av-subheading{\nfont-size:15px;\n}\n\n@media only screen and (min-width: 480px) and (max-width: 767px){ \n#top #wrap_all .av-special-heading.av-4s1pdu-a667ffbd24b292cee7673be4266f04f2 .av-special-heading-tag{\nfont-size:0.8em;\n}\n}\n\n@media only screen and (max-width: 479px){ \n#top #wrap_all .av-special-heading.av-4s1pdu-a667ffbd24b292cee7673be4266f04f2 .av-special-heading-tag{\nfont-size:0.8em;\n}\n}\n<\/style>\n<div  class='av-special-heading av-4s1pdu-a667ffbd24b292cee7673be4266f04f2 av-special-heading-h3 blockquote modern-quote  avia-builder-el-11  el_before_av_textblock  avia-builder-el-first  av-inherit-size'><h3 class='av-special-heading-tag'  itemprop=\"headline\"  >Weiterbildung<\/h3><div class='av-subheading av-subheading_below'><p>WER AUFH\u00d6RT BESSER ZU WERDEN, HAT SCHON AUFGEH\u00d6RT, GUT ZU SEIN!<\/p>\n<\/div><div class=\"special-heading-border\"><div class=\"special-heading-inner-border\"><\/div><\/div><\/div><br \/>\n<section  class='av_textblock_section av-2tg4gy-e385bef8d74104efb7781a21e51520dd '   itemscope=\"itemscope\" itemtype=\"https:\/\/schema.org\/CreativeWork\" ><div class='avia_textblock'  itemprop=\"text\" ><p>Die st\u00e4ndige Aktualisierung von Wissen und Kompetenz ist bei R\u00b7A\u00b7W\u2013Partner ganz entscheidend im Interesse unserer Mandanten \u2013 und damit in unserem Eigenen!<\/p>\n<p>Darum \u00fcberlassen wir die Entwicklung unserer Qualit\u00e4t nicht dem Zufall, sondern f\u00f6rdern sie aktiv durch st\u00e4ndige Weiterbildung. Sie ist die Grundlage, auf der wir die berufsrechtlichen Ma\u00dfnahmen der internen und externen Qualit\u00e4tssicherung aufbauen, denn die Komplexit\u00e4t und Regelungstiefe des Steuerrechts in Deutschland ist gro\u00df. Durch st\u00e4ndige \u00c4nderungen wird der Bedarf nach permanenter Aus- und Weiterbildung immer wichtiger, um unsere Mandanten kompetent in allen Belangen beraten zu k\u00f6nnen.<\/p>\n<p>Auch internationale Gestaltungsfragen werden zunehmend komplexer und r\u00fccken durch die zunehmende Globalisierung, bzw. Expansion unserer Mandanten in den Vordergrund. Gerade dieser Bereich erfordert qualifizierte Spezialisten (m\/w\/d) aus den Bereichen Steuern, Wirtschaft und Recht. Permanenter Wissenstransfer ist daher die Basis f\u00fcr unseren Erfolg, ebenso wie den unserer Mandanten.<\/p>\n<p>Des Weiteren bietet unsere Kanzlei ihren Mitarbeitenden \u2013 neben der internen Aus- und Weiterbildung \u2013 den regelm\u00e4\u00dfigen Besuch externer Aus- und Fortbildungsseminare in verschiedenen Bereichen der beruflichen T\u00e4tigkeit an. Denn nur, wer sich permanent verbessert, bleibt da, wo er auch bleiben m\u00f6chte: in der Pole-Position.<\/p>\n<p>Sie entscheiden selbst, welche Aus- und Fortbildung f\u00fcr Sie die richtige ist.<\/p>\n<\/div><\/section><br \/>\n\n<style type=\"text\/css\" data-created_by=\"avia_inline_auto\" id=\"style-css-av-m7vp6c9a-ff3c02b666182a684546dd43d5a627a1\">\n#top .hr.hr-invisible.av-m7vp6c9a-ff3c02b666182a684546dd43d5a627a1{\nheight:50px;\n}\n<\/style>\n<div  class='hr av-m7vp6c9a-ff3c02b666182a684546dd43d5a627a1 hr-invisible  avia-builder-el-13  el_after_av_textblock  el_before_av_button '><span class='hr-inner '><span class=\"hr-inner-style\"><\/span><\/span><\/div><br \/>\n<div  class='avia-button-wrap av-6tx0i-cafa2801b37ed934e6263ee3b156fba5-wrap avia_animated_button av-animated-when-visible-95 pop-up avia-button-left  avia-builder-el-14  el_after_av_hr  avia-builder-el-last '>\n<style type=\"text\/css\" data-created_by=\"avia_inline_auto\" id=\"style-css-av-6tx0i-cafa2801b37ed934e6263ee3b156fba5\">\n.avia_transform  .avia-button-wrap.av-6tx0i-cafa2801b37ed934e6263ee3b156fba5-wrap{\nanimation-duration:1.5s;\n}\n<\/style>\n<a href='https:\/\/raw-partner.de\/karriere\/ihr-weg-bei-uns\/hochschulkooperationen\/'  class='avia-button av-6tx0i-cafa2801b37ed934e6263ee3b156fba5 avia-icon_select-yes-left-icon avia-size-medium avia-position-left avia-color-theme-color'  ><span class='avia_button_icon avia_button_icon_left' aria-hidden='true' data-av_icon='\ue841' data-av_iconfont='entypo-fontello'><\/span><span class='avia_iconbox_title' >Hier geht es zu unseren Hochschulkooperationen<\/span><\/a><\/div><\/p><\/div>\n<style type=\"text\/css\" data-created_by=\"avia_inline_auto\" id=\"style-css-av-9m8hua-00a2ee639fd4883d25ea868bbe4149ed\">\n#top .flex_column.av-9m8hua-00a2ee639fd4883d25ea868bbe4149ed{\nmargin-top:0px;\nmargin-bottom:0px;\n}\n.flex_column.av-9m8hua-00a2ee639fd4883d25ea868bbe4149ed{\norder:0;\nborder-radius:3px 3px 3px 3px;\npadding:0px 0px 0px 0px;\n}\n.responsive #top #wrap_all .flex_column.av-9m8hua-00a2ee639fd4883d25ea868bbe4149ed{\nmargin-top:0px;\nmargin-bottom:0px;\n}\n<\/style>\n<div  class='flex_column av-9m8hua-00a2ee639fd4883d25ea868bbe4149ed av_three_fifth  avia-builder-el-15  el_after_av_two_fifth  avia-builder-el-last  flex_column_div av-animated-generic left-to-right av-zero-column-padding  '     ><style type=\"text\/css\" data-created_by=\"avia_inline_auto\" id=\"style-css-av-7s2ldu-48db9c911a6105b3dad5337e523cf4ee\">\n.avia-image-container.av-7s2ldu-48db9c911a6105b3dad5337e523cf4ee img.avia_image{\nbox-shadow:none;\n}\n.avia-image-container.av-7s2ldu-48db9c911a6105b3dad5337e523cf4ee .av-image-caption-overlay-center{\ncolor:#ffffff;\n}\n<\/style>\n<div  class='avia-image-container av-7s2ldu-48db9c911a6105b3dad5337e523cf4ee av-styling- avia-align-center  avia-builder-el-16  avia-builder-el-no-sibling '   itemprop=\"image\" itemscope=\"itemscope\" itemtype=\"https:\/\/schema.org\/ImageObject\" ><div class=\"avia-image-container-inner\"><div class=\"avia-image-overlay-wrap\"><img decoding=\"async\" fetchpriority=\"high\" class='wp-image-5207 avia-img-lazy-loading-not-5207 avia_image ' src=\"https:\/\/raw-partner.de\/karriere\/wp-content\/uploads\/Weiterbildung-bei-RAW-Partner-in-Muenchen-687x1030.jpg\" alt='Weiterbildung bei RAW-Partner in M\u00fcnchen' title='Weiterbildung-bei-RAW-Partner-in-M\u00fcnchen'  height=\"1030\" width=\"687\"  itemprop=\"thumbnailUrl\" srcset=\"https:\/\/raw-partner.de\/karriere\/wp-content\/uploads\/Weiterbildung-bei-RAW-Partner-in-Muenchen-687x1030.jpg 687w, https:\/\/raw-partner.de\/karriere\/wp-content\/uploads\/Weiterbildung-bei-RAW-Partner-in-Muenchen-200x300.jpg 200w, https:\/\/raw-partner.de\/karriere\/wp-content\/uploads\/Weiterbildung-bei-RAW-Partner-in-Muenchen-768x1152.jpg 768w, https:\/\/raw-partner.de\/karriere\/wp-content\/uploads\/Weiterbildung-bei-RAW-Partner-in-Muenchen-1024x1536.jpg 1024w, https:\/\/raw-partner.de\/karriere\/wp-content\/uploads\/Weiterbildung-bei-RAW-Partner-in-Muenchen-470x705.jpg 470w, https:\/\/raw-partner.de\/karriere\/wp-content\/uploads\/Weiterbildung-bei-RAW-Partner-in-Muenchen.jpg 1280w\" sizes=\"(max-width: 687px) 100vw, 687px\" \/><\/div><\/div><\/div><\/div><\/div><!--close flex column wrapper. Autoclose: 1 -->\n","protected":false},"excerpt":{"rendered":"","protected":false},"author":1,"featured_media":0,"parent":3826,"menu_order":1,"comment_status":"closed","ping_status":"closed","template":"","meta":{"_acf_changed":false,"footnotes":""},"class_list":["post-3506","page","type-page","status-publish","hentry"],"acf":[],"yoast_head":"<!-- This site is optimized with the Yoast SEO plugin v27.5 - https:\/\/yoast.com\/product\/yoast-seo-wordpress\/ -->\n<title>Aus- und Weiterbildung - RAW Partner<\/title>\n<meta name=\"robots\" content=\"index, follow, max-snippet:-1, max-image-preview:large, max-video-preview:-1\" \/>\n<link rel=\"canonical\" href=\"https:\/\/karriere.raw-partner.de\/ihr-weg-bei-uns\/aus-und-weiterbildung\/\" \/>\n<meta property=\"og:locale\" content=\"de_DE\" \/>\n<meta property=\"og:type\" content=\"article\" \/>\n<meta property=\"og:title\" content=\"Aus- und Weiterbildung - RAW Partner\" \/>\n<meta property=\"og:url\" content=\"https:\/\/karriere.raw-partner.de\/ihr-weg-bei-uns\/aus-und-weiterbildung\/\" \/>\n<meta property=\"og:site_name\" content=\"RAW Partner\" \/>\n<meta property=\"article:publisher\" content=\"https:\/\/www.linkedin.com\/company\/raw-partner\/posts\/?feedView=all\" \/>\n<meta property=\"article:modified_time\" content=\"2025-12-12T11:01:51+00:00\" \/>\n<meta name=\"twitter:card\" content=\"summary_large_image\" \/>\n<script type=\"application\/ld+json\" class=\"yoast-schema-graph\">{\"@context\":\"https:\\\/\\\/schema.org\",\"@graph\":[{\"@type\":\"WebPage\",\"@id\":\"https:\\\/\\\/karriere.raw-partner.de\\\/ihr-weg-bei-uns\\\/aus-und-weiterbildung\\\/\",\"url\":\"https:\\\/\\\/karriere.raw-partner.de\\\/ihr-weg-bei-uns\\\/aus-und-weiterbildung\\\/\",\"name\":\"Aus- und Weiterbildung - RAW Partner\",\"isPartOf\":{\"@id\":\"https:\\\/\\\/karriere.raw-partner.de\\\/#website\"},\"datePublished\":\"2024-09-30T06:17:02+00:00\",\"dateModified\":\"2025-12-12T11:01:51+00:00\",\"breadcrumb\":{\"@id\":\"https:\\\/\\\/karriere.raw-partner.de\\\/ihr-weg-bei-uns\\\/aus-und-weiterbildung\\\/#breadcrumb\"},\"inLanguage\":\"de\",\"potentialAction\":[{\"@type\":\"ReadAction\",\"target\":[\"https:\\\/\\\/karriere.raw-partner.de\\\/ihr-weg-bei-uns\\\/aus-und-weiterbildung\\\/\"]}]},{\"@type\":\"BreadcrumbList\",\"@id\":\"https:\\\/\\\/karriere.raw-partner.de\\\/ihr-weg-bei-uns\\\/aus-und-weiterbildung\\\/#breadcrumb\",\"itemListElement\":[{\"@type\":\"ListItem\",\"position\":1,\"name\":\"Startseite\",\"item\":\"https:\\\/\\\/karriere.raw-partner.de\\\/\"},{\"@type\":\"ListItem\",\"position\":2,\"name\":\"Ihre Karriere bei uns\",\"item\":\"https:\\\/\\\/karriere.raw-partner.de\\\/ihr-weg-bei-uns\\\/\"},{\"@type\":\"ListItem\",\"position\":3,\"name\":\"Aus- und Weiterbildung\"}]},{\"@type\":\"WebSite\",\"@id\":\"https:\\\/\\\/karriere.raw-partner.de\\\/#website\",\"url\":\"https:\\\/\\\/karriere.raw-partner.de\\\/\",\"name\":\"RAW-Partner PartG mbB\",\"description\":\"Karriere-Portal\",\"publisher\":{\"@id\":\"https:\\\/\\\/karriere.raw-partner.de\\\/#organization\"},\"potentialAction\":[{\"@type\":\"SearchAction\",\"target\":{\"@type\":\"EntryPoint\",\"urlTemplate\":\"https:\\\/\\\/karriere.raw-partner.de\\\/?s={search_term_string}\"},\"query-input\":{\"@type\":\"PropertyValueSpecification\",\"valueRequired\":true,\"valueName\":\"search_term_string\"}}],\"inLanguage\":\"de\"},{\"@type\":\"Organization\",\"@id\":\"https:\\\/\\\/karriere.raw-partner.de\\\/#organization\",\"name\":\"RAW-Partner PartG mbB\",\"alternateName\":\"RAW Partner\",\"url\":\"https:\\\/\\\/karriere.raw-partner.de\\\/\",\"logo\":{\"@type\":\"ImageObject\",\"inLanguage\":\"de\",\"@id\":\"https:\\\/\\\/karriere.raw-partner.de\\\/#\\\/schema\\\/logo\\\/image\\\/\",\"url\":\"https:\\\/\\\/raw-partner.de\\\/karriere\\\/wp-content\\\/uploads\\\/RAW-Logo-Square.png\",\"contentUrl\":\"https:\\\/\\\/raw-partner.de\\\/karriere\\\/wp-content\\\/uploads\\\/RAW-Logo-Square.png\",\"width\":270,\"height\":270,\"caption\":\"RAW-Partner PartG mbB\"},\"image\":{\"@id\":\"https:\\\/\\\/karriere.raw-partner.de\\\/#\\\/schema\\\/logo\\\/image\\\/\"},\"sameAs\":[\"https:\\\/\\\/www.linkedin.com\\\/company\\\/raw-partner\\\/posts\\\/?feedView=all\",\"https:\\\/\\\/www.xing.com\\\/companies\\\/raw-partner\",\"https:\\\/\\\/www.kununu.com\\\/de\\\/raw-partner\",\"https:\\\/\\\/raw-partner.de\\\/service\\\/newsletter-anmeldung\\\/\"]}]}<\/script>\n<!-- \/ Yoast SEO plugin. -->","yoast_head_json":{"title":"Aus- und Weiterbildung - RAW Partner","robots":{"index":"index","follow":"follow","max-snippet":"max-snippet:-1","max-image-preview":"max-image-preview:large","max-video-preview":"max-video-preview:-1"},"canonical":"https:\/\/karriere.raw-partner.de\/ihr-weg-bei-uns\/aus-und-weiterbildung\/","og_locale":"de_DE","og_type":"article","og_title":"Aus- und Weiterbildung - RAW Partner","og_url":"https:\/\/karriere.raw-partner.de\/ihr-weg-bei-uns\/aus-und-weiterbildung\/","og_site_name":"RAW Partner","article_publisher":"https:\/\/www.linkedin.com\/company\/raw-partner\/posts\/?feedView=all","article_modified_time":"2025-12-12T11:01:51+00:00","twitter_card":"summary_large_image","schema":{"@context":"https:\/\/schema.org","@graph":[{"@type":"WebPage","@id":"https:\/\/karriere.raw-partner.de\/ihr-weg-bei-uns\/aus-und-weiterbildung\/","url":"https:\/\/karriere.raw-partner.de\/ihr-weg-bei-uns\/aus-und-weiterbildung\/","name":"Aus- und Weiterbildung - RAW Partner","isPartOf":{"@id":"https:\/\/karriere.raw-partner.de\/#website"},"datePublished":"2024-09-30T06:17:02+00:00","dateModified":"2025-12-12T11:01:51+00:00","breadcrumb":{"@id":"https:\/\/karriere.raw-partner.de\/ihr-weg-bei-uns\/aus-und-weiterbildung\/#breadcrumb"},"inLanguage":"de","potentialAction":[{"@type":"ReadAction","target":["https:\/\/karriere.raw-partner.de\/ihr-weg-bei-uns\/aus-und-weiterbildung\/"]}]},{"@type":"BreadcrumbList","@id":"https:\/\/karriere.raw-partner.de\/ihr-weg-bei-uns\/aus-und-weiterbildung\/#breadcrumb","itemListElement":[{"@type":"ListItem","position":1,"name":"Startseite","item":"https:\/\/karriere.raw-partner.de\/"},{"@type":"ListItem","position":2,"name":"Ihre Karriere bei uns","item":"https:\/\/karriere.raw-partner.de\/ihr-weg-bei-uns\/"},{"@type":"ListItem","position":3,"name":"Aus- und Weiterbildung"}]},{"@type":"WebSite","@id":"https:\/\/karriere.raw-partner.de\/#website","url":"https:\/\/karriere.raw-partner.de\/","name":"RAW-Partner PartG mbB","description":"Karriere-Portal","publisher":{"@id":"https:\/\/karriere.raw-partner.de\/#organization"},"potentialAction":[{"@type":"SearchAction","target":{"@type":"EntryPoint","urlTemplate":"https:\/\/karriere.raw-partner.de\/?s={search_term_string}"},"query-input":{"@type":"PropertyValueSpecification","valueRequired":true,"valueName":"search_term_string"}}],"inLanguage":"de"},{"@type":"Organization","@id":"https:\/\/karriere.raw-partner.de\/#organization","name":"RAW-Partner PartG mbB","alternateName":"RAW Partner","url":"https:\/\/karriere.raw-partner.de\/","logo":{"@type":"ImageObject","inLanguage":"de","@id":"https:\/\/karriere.raw-partner.de\/#\/schema\/logo\/image\/","url":"https:\/\/raw-partner.de\/karriere\/wp-content\/uploads\/RAW-Logo-Square.png","contentUrl":"https:\/\/raw-partner.de\/karriere\/wp-content\/uploads\/RAW-Logo-Square.png","width":270,"height":270,"caption":"RAW-Partner PartG mbB"},"image":{"@id":"https:\/\/karriere.raw-partner.de\/#\/schema\/logo\/image\/"},"sameAs":["https:\/\/www.linkedin.com\/company\/raw-partner\/posts\/?feedView=all","https:\/\/www.xing.com\/companies\/raw-partner","https:\/\/www.kununu.com\/de\/raw-partner","https:\/\/raw-partner.de\/service\/newsletter-anmeldung\/"]}]}},"_links":{"self":[{"href":"https:\/\/raw-partner.de\/karriere\/wp-json\/wp\/v2\/pages\/3506","targetHints":{"allow":["GET"]}}],"collection":[{"href":"https:\/\/raw-partner.de\/karriere\/wp-json\/wp\/v2\/pages"}],"about":[{"href":"https:\/\/raw-partner.de\/karriere\/wp-json\/wp\/v2\/types\/page"}],"author":[{"embeddable":true,"href":"https:\/\/raw-partner.de\/karriere\/wp-json\/wp\/v2\/users\/1"}],"replies":[{"embeddable":true,"href":"https:\/\/raw-partner.de\/karriere\/wp-json\/wp\/v2\/comments?post=3506"}],"version-history":[{"count":5,"href":"https:\/\/raw-partner.de\/karriere\/wp-json\/wp\/v2\/pages\/3506\/revisions"}],"predecessor-version":[{"id":5479,"href":"https:\/\/raw-partner.de\/karriere\/wp-json\/wp\/v2\/pages\/3506\/revisions\/5479"}],"up":[{"embeddable":true,"href":"https:\/\/raw-partner.de\/karriere\/wp-json\/wp\/v2\/pages\/3826"}],"wp:attachment":[{"href":"https:\/\/raw-partner.de\/karriere\/wp-json\/wp\/v2\/media?parent=3506"}],"curies":[{"name":"wp","href":"https:\/\/api.w.org\/{rel}","templated":true}]}}